{"id":22,"date":"2014-02-07T13:57:42","date_gmt":"2014-02-07T13:57:42","guid":{"rendered":"http:\/\/d28962516.u370.surftown.dk\/?page_id=22"},"modified":"2023-06-08T18:05:58","modified_gmt":"2023-06-08T17:05:58","slug":"kontakt","status":"publish","type":"page","link":"https:\/\/pensionatullevi.se\/en-gb\/kontakt\/","title":{"rendered":"Getting here"},"content":{"rendered":"<h1>Getting here<\/h1>\n<div class=\"table-responsive\">\n<table class=\"alignleft\" style=\"width: 100%;\" cellspacing=\"0\">\n<tbody>\n<tr>\n<td style=\"width: 50%; vertical-align: top;\" width=\"50%\">\n<h5>Pensionat Ullevi<\/h5>\n<p>Adress: Linne\u00e1v\u00e4gen 4<br>59431 Gamleby<br>Tel 076-1014418<\/p>\n<iframe loading=\"lazy\" style=\"border: 0;\" src=\"https:\/\/www.google.com\/maps\/embed?pb=!1m18!1m12!1m3!1d697.1024756800903!2d16.401747522213654!3d57.88506715504206!2m3!1f0!2f0!3f0!3m2!1i1024!2i768!4f13.1!3m3!1m2!1s0x46585046fabd8819%3A0x8e8d24b5fdfb3b9d!2sLinn%C3%A9av%C3%A4gen%204%2C%20594%2031%20Gamleby%2C%20Sverige!5e0!3m2!1ssv!2sus!4v1686242844115!5m2!1ssv!2sus\" width=\"600\" height=\"450\" allowfullscreen=\"allowfullscreen\"><\/iframe><small><\/small>\n<p>&nbsp;<\/p>\n<\/td>\n<td style=\"vertical-align: top;\">\n<h5>Travel directions<\/h5>\n<p>Pensionat (hostel) Ullevi is located 20km north of V\u00e4stervik along E22. \n\nIf you are arriving from north take the second exit towards Gamleby Centrum, at the church turn right and then the second road to the right. After som 300m a sign is to be found. \n\nIf arriving from the south take the first exit towards Gamleby. Head straight for some kilometers, then you will see the viking statue of Ull. Turn left and follow the signs.<br>sign: \"Pensionat\"<\/p>\n<p>&nbsp;<\/p>\n<p><span style=\"line-height: 1.5em;\"><a href=\"https:\/\/pensionatullevi.se\/wp-content\/uploads\/2023\/05\/kontakt-pensionat-ullevi.jpeg\"><img loading=\"lazy\" decoding=\"async\" class=\"alignnone wp-image-629 size-full\" src=\"https:\/\/pensionatullevi.se\/wp-content\/uploads\/2023\/05\/kontakt-pensionat-ullevi.jpeg\" alt=\"Bild p\u00e5 Pensionat Ullevi | Pensionat Ullevi\" width=\"300\" height=\"150\" srcset=\"https:\/\/pensionatullevi.se\/wp-content\/uploads\/2023\/05\/kontakt-pensionat-ullevi.jpeg 300w, https:\/\/pensionatullevi.se\/wp-content\/uploads\/2023\/05\/kontakt-pensionat-ullevi-18x9.jpeg 18w\" sizes=\"auto, (max-width: 300px) 100vw, 300px\" \/><\/a><br><\/span><\/p>\n<\/td>\n<\/tr>\n<\/tbody>\n<\/table>\n<\/div>","protected":false},"excerpt":{"rendered":"<p>Hitta hit Pensionat Ullevi Adress: Linne\u00e1v\u00e4gen 459431 GamlebyTel 076-1014418 &nbsp; V\u00e4gbeskrivning Pensionat Ullevi ligger 2 mil norr om V\u00e4stervik l\u00e4ngs E22.&nbsp;&nbsp;Kommer du norrifr\u00e5n p\u00e5 E22 tag andra avfarten mot Gamleby Centrum. Vid kyrkan tag h\u00f6ger d\u00e4refter andra tv\u00e4rgatan till h\u00f6ger, se sedan v\u00e5r skylt!&nbsp;Om du kommer s\u00f6derifr\u00e5n s\u00e5 sv\u00e4nger du h\u00f6ger vid f\u00f6rsta avfarten \u201dGamlebyS\u00f6der\u201d [&hellip;]<\/p>\n","protected":false},"author":1,"featured_media":0,"parent":0,"menu_order":10,"comment_status":"closed","ping_status":"closed","template":"","meta":{"ngg_post_thumbnail":0,"ocean_post_layout":"","ocean_both_sidebars_style":"","ocean_both_sidebars_content_width":0,"ocean_both_sidebars_sidebars_width":0,"ocean_sidebar":"0","ocean_second_sidebar":"0","ocean_disable_margins":"enable","ocean_add_body_class":"","ocean_shortcode_before_top_bar":"","ocean_shortcode_after_top_bar":"","ocean_shortcode_before_header":"","ocean_shortcode_after_header":"","ocean_has_shortcode":"","ocean_shortcode_after_title":"","ocean_shortcode_before_footer_widgets":"","ocean_shortcode_after_footer_widgets":"","ocean_shortcode_before_footer_bottom":"","ocean_shortcode_after_footer_bottom":"","ocean_display_top_bar":"default","ocean_display_header":"default","ocean_header_style":"","ocean_center_header_left_menu":"0","ocean_custom_header_template":"0","ocean_custom_logo":0,"ocean_custom_retina_logo":0,"ocean_custom_logo_max_width":0,"ocean_custom_logo_tablet_max_width":0,"ocean_custom_logo_mobile_max_width":0,"ocean_custom_logo_max_height":0,"ocean_custom_logo_tablet_max_height":0,"ocean_custom_logo_mobile_max_height":0,"ocean_header_custom_menu":"0","ocean_menu_typo_font_family":"0","ocean_menu_typo_font_subset":"","ocean_menu_typo_font_size":0,"ocean_menu_typo_font_size_tablet":0,"ocean_menu_typo_font_size_mobile":0,"ocean_menu_typo_font_size_unit":"px","ocean_menu_typo_font_weight":"","ocean_menu_typo_font_weight_tablet":"","ocean_menu_typo_font_weight_mobile":"","ocean_menu_typo_transform":"","ocean_menu_typo_transform_tablet":"","ocean_menu_typo_transform_mobile":"","ocean_menu_typo_line_height":0,"ocean_menu_typo_line_height_tablet":0,"ocean_menu_typo_line_height_mobile":0,"ocean_menu_typo_line_height_unit":"","ocean_menu_typo_spacing":0,"ocean_menu_typo_spacing_tablet":0,"ocean_menu_typo_spacing_mobile":0,"ocean_menu_typo_spacing_unit":"","ocean_menu_link_color":"","ocean_menu_link_color_hover":"","ocean_menu_link_color_active":"","ocean_menu_link_background":"","ocean_menu_link_hover_background":"","ocean_menu_link_active_background":"","ocean_menu_social_links_bg":"","ocean_menu_social_hover_links_bg":"","ocean_menu_social_links_color":"","ocean_menu_social_hover_links_color":"","ocean_disable_title":"default","ocean_disable_heading":"default","ocean_post_title":"","ocean_post_subheading":"","ocean_post_title_style":"","ocean_post_title_background_color":"","ocean_post_title_background":0,"ocean_post_title_bg_image_position":"","ocean_post_title_bg_image_attachment":"","ocean_post_title_bg_image_repeat":"","ocean_post_title_bg_image_size":"","ocean_post_title_height":0,"ocean_post_title_bg_overlay":0.5,"ocean_post_title_bg_overlay_color":"","ocean_disable_breadcrumbs":"default","ocean_breadcrumbs_color":"","ocean_breadcrumbs_separator_color":"","ocean_breadcrumbs_links_color":"","ocean_breadcrumbs_links_hover_color":"","ocean_display_footer_widgets":"default","ocean_display_footer_bottom":"default","ocean_custom_footer_template":"0","footnotes":""},"class_list":["post-22","page","type-page","status-publish","hentry","entry"],"yoast_head":"<!-- This site is optimized with the Yoast SEO plugin v27.5 - https:\/\/yoast.com\/product\/yoast-seo-wordpress\/ -->\n<title>Hitta hit - Pensionat Ullevi<\/title>\n<meta name=\"robots\" content=\"index, follow, max-snippet:-1, max-image-preview:large, max-video-preview:-1\" \/>\n<link rel=\"canonical\" href=\"https:\/\/pensionatullevi.se\/en-gb\/kontakt\/\" \/>\n<meta property=\"og:locale\" content=\"en_GB\" \/>\n<meta property=\"og:type\" content=\"article\" \/>\n<meta property=\"og:title\" content=\"Hitta hit - Pensionat Ullevi\" \/>\n<meta property=\"og:description\" content=\"Hitta hit Pensionat Ullevi Adress: Linne\u00e1v\u00e4gen 459431 GamlebyTel 076-1014418 &nbsp; V\u00e4gbeskrivning Pensionat Ullevi ligger 2 mil norr om V\u00e4stervik l\u00e4ngs E22.&nbsp;&nbsp;Kommer du norrifr\u00e5n p\u00e5 E22 tag andra avfarten mot Gamleby Centrum. Vid kyrkan tag h\u00f6ger d\u00e4refter andra tv\u00e4rgatan till h\u00f6ger, se sedan v\u00e5r skylt!&nbsp;Om du kommer s\u00f6derifr\u00e5n s\u00e5 sv\u00e4nger du h\u00f6ger vid f\u00f6rsta avfarten \u201dGamlebyS\u00f6der\u201d [&hellip;]\" \/>\n<meta property=\"og:url\" content=\"https:\/\/pensionatullevi.se\/en-gb\/kontakt\/\" \/>\n<meta property=\"og:site_name\" content=\"Pensionat Ullevi\" \/>\n<meta property=\"article:publisher\" content=\"https:\/\/www.facebook.com\/pensionatullevisweden\" \/>\n<meta property=\"article:modified_time\" content=\"2023-06-08T17:05:58+00:00\" \/>\n<meta property=\"og:image\" content=\"https:\/\/pensionatullevi.se\/wp-content\/uploads\/2023\/05\/kontakt-pensionat-ullevi.jpeg\" \/>\n<meta name=\"twitter:card\" content=\"summary_large_image\" \/>\n<meta name=\"twitter:label1\" content=\"Estimated reading time\" \/>\n\t<meta name=\"twitter:data1\" content=\"1 minute\" \/>\n<script type=\"application\/ld+json\" class=\"yoast-schema-graph\">{\"@context\":\"https:\\\/\\\/schema.org\",\"@graph\":[{\"@type\":\"WebPage\",\"@id\":\"https:\\\/\\\/pensionatullevi.se\\\/kontakt\\\/\",\"url\":\"https:\\\/\\\/pensionatullevi.se\\\/kontakt\\\/\",\"name\":\"Hitta hit - Pensionat Ullevi\",\"isPartOf\":{\"@id\":\"https:\\\/\\\/pensionatullevi.se\\\/#website\"},\"primaryImageOfPage\":{\"@id\":\"https:\\\/\\\/pensionatullevi.se\\\/kontakt\\\/#primaryimage\"},\"image\":{\"@id\":\"https:\\\/\\\/pensionatullevi.se\\\/kontakt\\\/#primaryimage\"},\"thumbnailUrl\":\"https:\\\/\\\/pensionatullevi.se\\\/wp-content\\\/uploads\\\/2023\\\/05\\\/kontakt-pensionat-ullevi.jpeg\",\"datePublished\":\"2014-02-07T13:57:42+00:00\",\"dateModified\":\"2023-06-08T17:05:58+00:00\",\"breadcrumb\":{\"@id\":\"https:\\\/\\\/pensionatullevi.se\\\/kontakt\\\/#breadcrumb\"},\"inLanguage\":\"en-GB\",\"potentialAction\":[{\"@type\":\"ReadAction\",\"target\":[\"https:\\\/\\\/pensionatullevi.se\\\/kontakt\\\/\"]}]},{\"@type\":\"ImageObject\",\"inLanguage\":\"en-GB\",\"@id\":\"https:\\\/\\\/pensionatullevi.se\\\/kontakt\\\/#primaryimage\",\"url\":\"https:\\\/\\\/pensionatullevi.se\\\/wp-content\\\/uploads\\\/2023\\\/05\\\/kontakt-pensionat-ullevi.jpeg\",\"contentUrl\":\"https:\\\/\\\/pensionatullevi.se\\\/wp-content\\\/uploads\\\/2023\\\/05\\\/kontakt-pensionat-ullevi.jpeg\"},{\"@type\":\"BreadcrumbList\",\"@id\":\"https:\\\/\\\/pensionatullevi.se\\\/kontakt\\\/#breadcrumb\",\"itemListElement\":[{\"@type\":\"ListItem\",\"position\":1,\"name\":\"Hem\",\"item\":\"https:\\\/\\\/pensionatullevi.se\\\/\"},{\"@type\":\"ListItem\",\"position\":2,\"name\":\"Hitta hit\"}]},{\"@type\":\"WebSite\",\"@id\":\"https:\\\/\\\/pensionatullevi.se\\\/#website\",\"url\":\"https:\\\/\\\/pensionatullevi.se\\\/\",\"name\":\"Pensionat Ullevi\",\"description\":\"Natursk\u00f6nt boende\",\"publisher\":{\"@id\":\"https:\\\/\\\/pensionatullevi.se\\\/#organization\"},\"potentialAction\":[{\"@type\":\"SearchAction\",\"target\":{\"@type\":\"EntryPoint\",\"urlTemplate\":\"https:\\\/\\\/pensionatullevi.se\\\/?s={search_term_string}\"},\"query-input\":{\"@type\":\"PropertyValueSpecification\",\"valueRequired\":true,\"valueName\":\"search_term_string\"}}],\"inLanguage\":\"en-GB\"},{\"@type\":\"Organization\",\"@id\":\"https:\\\/\\\/pensionatullevi.se\\\/#organization\",\"name\":\"Pensionat & Konferenshotell Ullevi AB\",\"url\":\"https:\\\/\\\/pensionatullevi.se\\\/\",\"logo\":{\"@type\":\"ImageObject\",\"inLanguage\":\"en-GB\",\"@id\":\"https:\\\/\\\/pensionatullevi.se\\\/#\\\/schema\\\/logo\\\/image\\\/\",\"url\":\"https:\\\/\\\/pensionatullevi.se\\\/wp-content\\\/uploads\\\/2021\\\/02\\\/Pensionat-Ullevi.jpeg\",\"contentUrl\":\"https:\\\/\\\/pensionatullevi.se\\\/wp-content\\\/uploads\\\/2021\\\/02\\\/Pensionat-Ullevi.jpeg\",\"width\":1024,\"height\":514,\"caption\":\"Pensionat & Konferenshotell Ullevi AB\"},\"image\":{\"@id\":\"https:\\\/\\\/pensionatullevi.se\\\/#\\\/schema\\\/logo\\\/image\\\/\"},\"sameAs\":[\"https:\\\/\\\/www.facebook.com\\\/pensionatullevisweden\"]}]}<\/script>\n<!-- \/ Yoast SEO plugin. -->","yoast_head_json":{"title":"Hitta hit - Pensionat Ullevi","robots":{"index":"index","follow":"follow","max-snippet":"max-snippet:-1","max-image-preview":"max-image-preview:large","max-video-preview":"max-video-preview:-1"},"canonical":"https:\/\/pensionatullevi.se\/en-gb\/kontakt\/","og_locale":"en_GB","og_type":"article","og_title":"Hitta hit - Pensionat Ullevi","og_description":"Hitta hit Pensionat Ullevi Adress: Linne\u00e1v\u00e4gen 459431 GamlebyTel 076-1014418 &nbsp; V\u00e4gbeskrivning Pensionat Ullevi ligger 2 mil norr om V\u00e4stervik l\u00e4ngs E22.&nbsp;&nbsp;Kommer du norrifr\u00e5n p\u00e5 E22 tag andra avfarten mot Gamleby Centrum. Vid kyrkan tag h\u00f6ger d\u00e4refter andra tv\u00e4rgatan till h\u00f6ger, se sedan v\u00e5r skylt!&nbsp;Om du kommer s\u00f6derifr\u00e5n s\u00e5 sv\u00e4nger du h\u00f6ger vid f\u00f6rsta avfarten \u201dGamlebyS\u00f6der\u201d [&hellip;]","og_url":"https:\/\/pensionatullevi.se\/en-gb\/kontakt\/","og_site_name":"Pensionat Ullevi","article_publisher":"https:\/\/www.facebook.com\/pensionatullevisweden","article_modified_time":"2023-06-08T17:05:58+00:00","og_image":[{"url":"https:\/\/pensionatullevi.se\/wp-content\/uploads\/2023\/05\/kontakt-pensionat-ullevi.jpeg","type":"","width":"","height":""}],"twitter_card":"summary_large_image","twitter_misc":{"Estimated reading time":"1 minute"},"schema":{"@context":"https:\/\/schema.org","@graph":[{"@type":"WebPage","@id":"https:\/\/pensionatullevi.se\/kontakt\/","url":"https:\/\/pensionatullevi.se\/kontakt\/","name":"Hitta hit - Pensionat Ullevi","isPartOf":{"@id":"https:\/\/pensionatullevi.se\/#website"},"primaryImageOfPage":{"@id":"https:\/\/pensionatullevi.se\/kontakt\/#primaryimage"},"image":{"@id":"https:\/\/pensionatullevi.se\/kontakt\/#primaryimage"},"thumbnailUrl":"https:\/\/pensionatullevi.se\/wp-content\/uploads\/2023\/05\/kontakt-pensionat-ullevi.jpeg","datePublished":"2014-02-07T13:57:42+00:00","dateModified":"2023-06-08T17:05:58+00:00","breadcrumb":{"@id":"https:\/\/pensionatullevi.se\/kontakt\/#breadcrumb"},"inLanguage":"en-GB","potentialAction":[{"@type":"ReadAction","target":["https:\/\/pensionatullevi.se\/kontakt\/"]}]},{"@type":"ImageObject","inLanguage":"en-GB","@id":"https:\/\/pensionatullevi.se\/kontakt\/#primaryimage","url":"https:\/\/pensionatullevi.se\/wp-content\/uploads\/2023\/05\/kontakt-pensionat-ullevi.jpeg","contentUrl":"https:\/\/pensionatullevi.se\/wp-content\/uploads\/2023\/05\/kontakt-pensionat-ullevi.jpeg"},{"@type":"BreadcrumbList","@id":"https:\/\/pensionatullevi.se\/kontakt\/#breadcrumb","itemListElement":[{"@type":"ListItem","position":1,"name":"Hem","item":"https:\/\/pensionatullevi.se\/"},{"@type":"ListItem","position":2,"name":"Hitta hit"}]},{"@type":"WebSite","@id":"https:\/\/pensionatullevi.se\/#website","url":"https:\/\/pensionatullevi.se\/","name":"Pensionat Ullevi","description":"scenic living","publisher":{"@id":"https:\/\/pensionatullevi.se\/#organization"},"potentialAction":[{"@type":"SearchAction","target":{"@type":"EntryPoint","urlTemplate":"https:\/\/pensionatullevi.se\/?s={search_term_string}"},"query-input":{"@type":"PropertyValueSpecification","valueRequired":true,"valueName":"search_term_string"}}],"inLanguage":"en-GB"},{"@type":"Organization","@id":"https:\/\/pensionatullevi.se\/#organization","name":"Pensionat & Konferenshotell Ullevi AB","url":"https:\/\/pensionatullevi.se\/","logo":{"@type":"ImageObject","inLanguage":"en-GB","@id":"https:\/\/pensionatullevi.se\/#\/schema\/logo\/image\/","url":"https:\/\/pensionatullevi.se\/wp-content\/uploads\/2021\/02\/Pensionat-Ullevi.jpeg","contentUrl":"https:\/\/pensionatullevi.se\/wp-content\/uploads\/2021\/02\/Pensionat-Ullevi.jpeg","width":1024,"height":514,"caption":"Pensionat & Konferenshotell Ullevi AB"},"image":{"@id":"https:\/\/pensionatullevi.se\/#\/schema\/logo\/image\/"},"sameAs":["https:\/\/www.facebook.com\/pensionatullevisweden"]}]}},"_links":{"self":[{"href":"https:\/\/pensionatullevi.se\/en-gb\/wp-json\/wp\/v2\/pages\/22","targetHints":{"allow":["GET"]}}],"collection":[{"href":"https:\/\/pensionatullevi.se\/en-gb\/wp-json\/wp\/v2\/pages"}],"about":[{"href":"https:\/\/pensionatullevi.se\/en-gb\/wp-json\/wp\/v2\/types\/page"}],"author":[{"embeddable":true,"href":"https:\/\/pensionatullevi.se\/en-gb\/wp-json\/wp\/v2\/users\/1"}],"replies":[{"embeddable":true,"href":"https:\/\/pensionatullevi.se\/en-gb\/wp-json\/wp\/v2\/comments?post=22"}],"version-history":[{"count":40,"href":"https:\/\/pensionatullevi.se\/en-gb\/wp-json\/wp\/v2\/pages\/22\/revisions"}],"predecessor-version":[{"id":661,"href":"https:\/\/pensionatullevi.se\/en-gb\/wp-json\/wp\/v2\/pages\/22\/revisions\/661"}],"wp:attachment":[{"href":"https:\/\/pensionatullevi.se\/en-gb\/wp-json\/wp\/v2\/media?parent=22"}],"curies":[{"name":"wp","href":"https:\/\/api.w.org\/{rel}","templated":true}]}}